{"id":826,"date":"2022-12-23T08:59:22","date_gmt":"2022-12-23T08:59:22","guid":{"rendered":"https:\/\/www.hotelolympia-seefeld.at\/?page_id=826"},"modified":"2025-05-27T11:25:36","modified_gmt":"2025-05-27T11:25:36","slug":"online-buchen","status":"publish","type":"page","link":"https:\/\/www.hotelolympia-seefeld.at\/en\/online-buchen\/","title":{"rendered":"Online buchen"},"content":{"rendered":"<div data-elementor-type=\"wp-page\" data-elementor-id=\"826\" class=\"elementor elementor-826\">\n\t\t\t\t\t\t\t\t\t<section class=\"elementor-section elementor-top-section elementor-element elementor-element-545fcca elementor-section-full_width elementor-section-height-min-height elementor-section-items-bottom elementor-section-height-default\" data-id=\"545fcca\" data-element_type=\"section\" data-settings=\"{&quot;background_background&quot;:&quot;classic&quot;}\">\n\t\t\t\t\t\t\t<div class=\"elementor-background-overlay\"><\/div>\n\t\t\t\t\t\t\t<div class=\"elementor-container elementor-column-gap-default\">\n\t\t\t\t\t<div class=\"elementor-column elementor-col-100 elementor-top-column elementor-element elementor-element-5c90941\" data-id=\"5c90941\" data-element_type=\"column\">\n\t\t\t<div class=\"elementor-widget-wrap elementor-element-populated\">\n\t\t\t\t\t\t\t\t<section class=\"elementor-section elementor-inner-section elementor-element elementor-element-72d9dc0 elementor-section-boxed elementor-section-height-default elementor-section-height-default\" data-id=\"72d9dc0\" data-element_type=\"section\">\n\t\t\t\t\t\t<div class=\"elementor-container elementor-column-gap-default\">\n\t\t\t\t\t<div class=\"elementor-column elementor-col-100 elementor-inner-column elementor-element elementor-element-f7324cf\" data-id=\"f7324cf\" data-element_type=\"column\">\n\t\t\t<div class=\"elementor-widget-wrap\">\n\t\t\t\t\t\t\t\t\t<\/div>\n\t\t<\/div>\n\t\t\t\t\t\t\t<\/div>\n\t\t<\/section>\n\t\t\t\t\t<\/div>\n\t\t<\/div>\n\t\t\t\t\t\t\t<\/div>\n\t\t<\/section>\n\t\t\t\t<section class=\"elementor-section elementor-top-section elementor-element elementor-element-97b668d elementor-section-boxed elementor-section-height-default elementor-section-height-default\" data-id=\"97b668d\" data-element_type=\"section\">\n\t\t\t\t\t\t<div class=\"elementor-container elementor-column-gap-default\">\n\t\t\t\t\t<div class=\"elementor-column elementor-col-100 elementor-top-column elementor-element elementor-element-31351b8\" data-id=\"31351b8\" data-element_type=\"column\">\n\t\t\t<div class=\"elementor-widget-wrap elementor-element-populated\">\n\t\t\t\t\t\t\t\t<div class=\"elementor-element elementor-element-32de4cb elementor-widget elementor-widget-heading\" data-id=\"32de4cb\" data-element_type=\"widget\" data-widget_type=\"heading.default\">\n\t\t\t\t<div class=\"elementor-widget-container\">\n\t\t\t<style>\/*! elementor - v3.9.0 - 06-12-2022 *\/\n.elementor-heading-title{padding:0;margin:0;line-height:1}.elementor-widget-heading .elementor-heading-title[class*=elementor-size-]>a{color:inherit;font-size:inherit;line-height:inherit}.elementor-widget-heading .elementor-heading-title.elementor-size-small{font-size:15px}.elementor-widget-heading .elementor-heading-title.elementor-size-medium{font-size:19px}.elementor-widget-heading .elementor-heading-title.elementor-size-large{font-size:29px}.elementor-widget-heading .elementor-heading-title.elementor-size-xl{font-size:39px}.elementor-widget-heading .elementor-heading-title.elementor-size-xxl{font-size:59px}<\/style><h2 class=\"elementor-heading-title elementor-size-default\">Online buchen<br><span style=\"font-weight: bolder; color: rgb(71, 71, 71); font-family: Roboto, sans-serif; font-size: 18px; text-align: start; white-space-collapse: collapse;\">F\u00fcr die Reservierung von einer oder zwei \u00dcbernachtungen kontaktiere uns gerne per Mail oder telefonisch. Wird dein gew\u00fcnschter Buchungszeitraum nicht angezeigt, finden wir vielleicht eine L\u00f6sung. Wir freuen uns \u00fcber deine Kontaktaufnahme!<\/span><br><div style=\"text-align: start;\"><span style=\"color: var( --e-global-color-primary ); background-color: var( --e-global-color-b350b2c );\"><\/span><\/div><\/h2>\t\t<\/div>\n\t\t\t\t<\/div>\n\t\t\t\t\t<\/div>\n\t\t<\/div>\n\t\t\t\t\t\t\t<\/div>\n\t\t<\/section>\n\t\t\t\t<section class=\"elementor-section elementor-top-section elementor-element elementor-element-f451ec3 elementor-section-boxed elementor-section-height-default elementor-section-height-default\" data-id=\"f451ec3\" data-element_type=\"section\">\n\t\t\t\t\t\t<div class=\"elementor-container elementor-column-gap-default\">\n\t\t\t\t\t<div class=\"elementor-column elementor-col-100 elementor-top-column elementor-element elementor-element-aac328c\" data-id=\"aac328c\" data-element_type=\"column\">\n\t\t\t<div class=\"elementor-widget-wrap elementor-element-populated\">\n\t\t\t\t\t\t\t\t<div class=\"elementor-element elementor-element-0194d3c elementor-widget elementor-widget-html\" data-id=\"0194d3c\" data-element_type=\"widget\" data-widget_type=\"html.default\">\n\t\t\t\t<div class=\"elementor-widget-container\">\n\t\t\t<div id=\"ebFrontEndFrame\"><\/div>\r\n<script src=\"\/\/www.easy-booking.at\/bookingengine2\/js\/jquery.easybooking.frontend.js\"><\/script>\r\n<script>\r\n  function ebFrontendLoadedCheck() {\r\n    if (typeof jQuery != \"undefined\") {\r\n      if (jQuery.fn.ebFrontEnd) {\r\n        jQuery(\"#ebFrontEndFrame\").ebFrontEnd({\r\n          customerId: 4710,\r\n          serialNo: \"5623-9743-7028\",\r\n          localeId: 2,\r\n          frameId: \"ebFrontEndPlugin\",\r\n          scrollOffset: 0,\r\n          adultOnly: false,\r\n          gtmDL: \"dataLayer\",\r\n          hideFilters: \"on\",\r\n          disableScroll: true,\r\n          source: \"\",\r\n          collapsedExtras: false\r\n        });\r\n      } else {\r\n        setTimeout(ebFrontendLoadedCheck, 200);\r\n      }\r\n    } else {\r\n      setTimeout(ebFrontendLoadedCheck, 200);\r\n    }\r\n  }\r\n  ebFrontendLoadedCheck();\r\n<\/script> \t\t<\/div>\n\t\t\t\t<\/div>\n\t\t\t\t\t<\/div>\n\t\t<\/div>\n\t\t\t\t\t\t\t<\/div>\n\t\t<\/section>\n\t\t\t\t\t\t\t<\/div>","protected":false},"excerpt":{"rendered":"<p>Online buchenF\u00fcr die Reservierung von einer oder zwei \u00dcbernachtungen kontaktiere uns gerne per Mail oder telefonisch. Wird dein gew\u00fcnschter Buchungszeitraum nicht angezeigt, finden wir vielleicht eine L\u00f6sung. Wir freuen uns \u00fcber deine Kontaktaufnahme!<\/p>","protected":false},"author":1,"featured_media":0,"parent":0,"menu_order":0,"comment_status":"closed","ping_status":"closed","template":"","meta":{"footnotes":""},"class_list":["post-826","page","type-page","status-publish","hentry"],"_links":{"self":[{"href":"https:\/\/www.hotelolympia-seefeld.at\/en\/wp-json\/wp\/v2\/pages\/826","targetHints":{"allow":["GET"]}}],"collection":[{"href":"https:\/\/www.hotelolympia-seefeld.at\/en\/wp-json\/wp\/v2\/pages"}],"about":[{"href":"https:\/\/www.hotelolympia-seefeld.at\/en\/wp-json\/wp\/v2\/types\/page"}],"author":[{"embeddable":true,"href":"https:\/\/www.hotelolympia-seefeld.at\/en\/wp-json\/wp\/v2\/users\/1"}],"replies":[{"embeddable":true,"href":"https:\/\/www.hotelolympia-seefeld.at\/en\/wp-json\/wp\/v2\/comments?post=826"}],"version-history":[{"count":43,"href":"https:\/\/www.hotelolympia-seefeld.at\/en\/wp-json\/wp\/v2\/pages\/826\/revisions"}],"predecessor-version":[{"id":2911,"href":"https:\/\/www.hotelolympia-seefeld.at\/en\/wp-json\/wp\/v2\/pages\/826\/revisions\/2911"}],"wp:attachment":[{"href":"https:\/\/www.hotelolympia-seefeld.at\/en\/wp-json\/wp\/v2\/media?parent=826"}],"curies":[{"name":"wp","href":"https:\/\/api.w.org\/{rel}","templated":true}]}}